{"id":73,"date":"2026-04-12T23:49:21","date_gmt":"2026-04-12T21:49:21","guid":{"rendered":"http:\/\/placezabawproducent.pl\/?page_id=73"},"modified":"2026-04-13T00:07:29","modified_gmt":"2026-04-12T22:07:29","slug":"elementor-73","status":"publish","type":"page","link":"https:\/\/placezabawproducent.pl\/index.php\/elementor-73\/","title":{"rendered":"Elementor #73"},"content":{"rendered":"\t\t<div data-elementor-type=\"wp-post\" data-elementor-id=\"73\" class=\"elementor elementor-73\">\n\t\t\t\t<div class=\"elementor-element elementor-element-797e93f e-flex e-con-boxed e-con e-parent\" data-id=\"797e93f\" data-element_type=\"container\" data-e-type=\"container\" data-settings=\"{&quot;background_background&quot;:&quot;classic&quot;}\">\n\t\t\t\t\t<div class=\"e-con-inner\">\n\t\t\t\t<div class=\"elementor-element elementor-element-771689d elementor-widget__width-initial elementor-widget elementor-widget-heading\" data-id=\"771689d\" data-element_type=\"widget\" data-e-type=\"widget\" data-widget_type=\"heading.default\">\n\t\t\t\t\t<h2 class=\"elementor-heading-title elementor-size-default\">Producent plac\u00f3w zabaw dla gmin i przedszkoli<\/h2>\t\t\t\t<\/div>\n\t\t\t\t<div class=\"elementor-element elementor-element-5971ee5 elementor-widget elementor-widget-text-editor\" data-id=\"5971ee5\" data-element_type=\"widget\" data-e-type=\"widget\" data-widget_type=\"text-editor.default\">\n\t\t\t\t\t\t\t\t\t<p>\u00a0<strong data-start=\"845\" data-end=\"906\">Kompleksowa realizacja plac\u00f3w zabaw zgodnych z PN-EN 1176<\/strong><br data-start=\"757\" data-end=\"760\" \/>Od projektu po monta\u017c \u2013 obs\u0142uga gmin i przedszkoli w ca\u0142ej Polsce<\/p>\t\t\t\t\t\t\t\t<\/div>\n\t\t\t\t<div class=\"elementor-element elementor-element-25c9b05 elementor-widget elementor-widget-button\" data-id=\"25c9b05\" data-element_type=\"widget\" data-e-type=\"widget\" data-widget_type=\"button.default\">\n\t\t\t\t\t\t\t\t\t\t<a class=\"elementor-button elementor-button-link elementor-size-sm\" href=\"#\">\n\t\t\t\t\t\t<span class=\"elementor-button-content-wrapper\">\n\t\t\t\t\t\t\t\t\t<span class=\"elementor-button-text\">BEZP\u0141ATNA WYCENA PLACU ZABAW \u2013 24H<\/span>\n\t\t\t\t\t<\/span>\n\t\t\t\t\t<\/a>\n\t\t\t\t\t\t\t\t<\/div>\n\t\t\t\t<div class=\"elementor-element elementor-element-9d5b869 elementor-widget elementor-widget-text-editor\" data-id=\"9d5b869\" data-element_type=\"widget\" data-e-type=\"widget\" data-widget_type=\"text-editor.default\">\n\t\t\t\t\t\t\t\t\t<p>Zobacz nasze realizacje w ca\u0142ej Polsce<\/p>\t\t\t\t\t\t\t\t<\/div>\n\t\t\t\t\t<\/div>\n\t\t\t\t<\/div>\n\t\t\t\t<\/div>\n\t\t","protected":false},"excerpt":{"rendered":"<p>Producent plac\u00f3w zabaw dla gmin i przedszkoli \u00a0Kompleksowa realizacja plac\u00f3w zabaw zgodnych z PN-EN 1176Od projektu po monta\u017c \u2013 obs\u0142uga gmin i przedszkoli w ca\u0142ej Polsce BEZP\u0141ATNA WYCENA PLACU ZABAW \u2013 24H Zobacz nasze realizacje w ca\u0142ej Polsce<\/p>\n","protected":false},"author":1,"featured_media":0,"parent":0,"menu_order":0,"comment_status":"closed","ping_status":"closed","template":"","meta":{"footnotes":""},"class_list":["post-73","page","type-page","status-publish","hentry"],"blocksy_meta":[],"_links":{"self":[{"href":"https:\/\/placezabawproducent.pl\/index.php\/wp-json\/wp\/v2\/pages\/73","targetHints":{"allow":["GET"]}}],"collection":[{"href":"https:\/\/placezabawproducent.pl\/index.php\/wp-json\/wp\/v2\/pages"}],"about":[{"href":"https:\/\/placezabawproducent.pl\/index.php\/wp-json\/wp\/v2\/types\/page"}],"author":[{"embeddable":true,"href":"https:\/\/placezabawproducent.pl\/index.php\/wp-json\/wp\/v2\/users\/1"}],"replies":[{"embeddable":true,"href":"https:\/\/placezabawproducent.pl\/index.php\/wp-json\/wp\/v2\/comments?post=73"}],"version-history":[{"count":7,"href":"https:\/\/placezabawproducent.pl\/index.php\/wp-json\/wp\/v2\/pages\/73\/revisions"}],"predecessor-version":[{"id":81,"href":"https:\/\/placezabawproducent.pl\/index.php\/wp-json\/wp\/v2\/pages\/73\/revisions\/81"}],"wp:attachment":[{"href":"https:\/\/placezabawproducent.pl\/index.php\/wp-json\/wp\/v2\/media?parent=73"}],"curies":[{"name":"wp","href":"https:\/\/api.w.org\/{rel}","templated":true}]}}